{"id":248,"date":"2012-05-04T14:18:32","date_gmt":"2012-05-04T12:18:32","guid":{"rendered":"http:\/\/www.ender-online.com\/Fewo\/?page_id=248"},"modified":"2013-04-09T00:04:28","modified_gmt":"2013-04-08T22:04:28","slug":"der-rotweinwanderweg","status":"publish","type":"page","link":"https:\/\/www.ender-online.com\/Fewo\/informationendownloads\/der-rotweinwanderweg\/","title":{"rendered":"Der Rotweinwanderweg"},"content":{"rendered":"<p><strong>An dieser Seite wird noch gearbeitet &#8211; bitte haben Sie etwas Geduld!<\/strong><\/p>\n<p style=\"text-align: justify;\"><strong>Der Rotweinwanderweg im Ahrtal gilt jetzt schon seit mehr als 30 Jahren als einer der beliebtesten Ausflugsziele Deutschlands.<\/strong><br \/>\nAuf einer Strecke von 35 km f\u00fchrt er meist auf halber H\u00f6he durch die Weinbergterrassen von Bad Bodendorf \u00fcber Bad Neuenahr\/Ahrweiler bis Altenahr. Man hat wundersch\u00f6ne Ausblicke in das wildromantische Ahrtal und kann den Winzern bei der Arbeit zusehen.<\/p>\n<p style=\"text-align: justify;\">Leider hat die hohe Beliebtheit des Rotweinwanderwegs auch seinen Preis. Besonders zur Zeit der Weinlese ist es in den Orten und auch auf dem Wanderweg teilweise unertr\u00e4glich voll. Deswegen sollte man den Rotweinwanderweg lieber au\u00dferhalb der Saison geniessen. Z.B. im Winter, da er auf der Sonnenseite verl\u00e4uft und es im Ahrtal sowieso immer einige Grad w\u00e4rmer ist als im Umland.<\/p>\n<p style=\"text-align: justify;\"><img loading=\"lazy\" decoding=\"async\" class=\"alignleft\" style=\"margin-right: 10px;\" src=\"http:\/\/www.ahr-rotweinwanderweg.de\/images\/weintrauben.jpg\" alt=\"\" width=\"220\" height=\"165\" \/>Zur Zeit der Weinlese empfehlen sich eher die nicht so bekannten bzw. etwas anspruchsvolleren Wege. Z.B. von Altenahr \u00fcber das Teufelsloch zum Schrock und weiter zum Steinerberg. Oder die Ahr weiter hinunter fahren, wo kein Weinbau mehr m\u00f6glich ist. Hier kann man noch wundersch\u00f6ne, einsame Wanderwege gehen.<\/p>\n","protected":false},"excerpt":{"rendered":"<p>An dieser Seite wird noch gearbeitet &ndash; bitte haben Sie etwas Geduld! Der Rotweinwanderweg im Ahrtal gilt jetzt schon seit mehr als 30 Jahren als einer der beliebtesten Ausflugsziele Deutschlands. Auf einer Strecke von 35 km f&uuml;hrt er meist auf halber H&ouml;he durch die Weinbergterrassen von Bad Bodendorf &uuml;ber Bad Neuenahr\/Ahrweiler bis Altenahr. Man hat [&hellip;]<\/p>\n","protected":false},"author":2,"featured_media":0,"parent":101,"menu_order":1,"comment_status":"open","ping_status":"open","template":"","meta":{"_et_pb_use_builder":"","_et_pb_old_content":"","_et_gb_content_width":"","footnotes":""},"class_list":["post-248","page","type-page","status-publish","hentry"],"aioseo_notices":[],"_links":{"self":[{"href":"https:\/\/www.ender-online.com\/Fewo\/wp-json\/wp\/v2\/pages\/248","targetHints":{"allow":["GET"]}}],"collection":[{"href":"https:\/\/www.ender-online.com\/Fewo\/wp-json\/wp\/v2\/pages"}],"about":[{"href":"https:\/\/www.ender-online.com\/Fewo\/wp-json\/wp\/v2\/types\/page"}],"author":[{"embeddable":true,"href":"https:\/\/www.ender-online.com\/Fewo\/wp-json\/wp\/v2\/users\/2"}],"replies":[{"embeddable":true,"href":"https:\/\/www.ender-online.com\/Fewo\/wp-json\/wp\/v2\/comments?post=248"}],"version-history":[{"count":19,"href":"https:\/\/www.ender-online.com\/Fewo\/wp-json\/wp\/v2\/pages\/248\/revisions"}],"predecessor-version":[{"id":460,"href":"https:\/\/www.ender-online.com\/Fewo\/wp-json\/wp\/v2\/pages\/248\/revisions\/460"}],"up":[{"embeddable":true,"href":"https:\/\/www.ender-online.com\/Fewo\/wp-json\/wp\/v2\/pages\/101"}],"wp:attachment":[{"href":"https:\/\/www.ender-online.com\/Fewo\/wp-json\/wp\/v2\/media?parent=248"}],"curies":[{"name":"wp","href":"https:\/\/api.w.org\/{rel}","templated":true}]}}