{"id":232,"date":"2012-05-03T14:51:22","date_gmt":"2012-05-03T12:51:22","guid":{"rendered":"http:\/\/www.ender-online.com\/Fewo\/?page_id=232"},"modified":"2023-05-10T23:02:56","modified_gmt":"2023-05-10T21:02:56","slug":"uber-uns","status":"publish","type":"page","link":"https:\/\/www.ender-online.com\/Fewo\/uber-uns\/","title":{"rendered":"Ihre Gastgeber"},"content":{"rendered":"<p>[et_pb_section fb_built=&#8220;1&#8243; _builder_version=&#8220;4.16&#8243; global_colors_info=&#8220;{}&#8220;][et_pb_row _builder_version=&#8220;4.16&#8243; background_size=&#8220;initial&#8220; background_position=&#8220;top_left&#8220; background_repeat=&#8220;repeat&#8220; global_colors_info=&#8220;{}&#8220;][et_pb_column type=&#8220;4_4&#8243; _builder_version=&#8220;4.16&#8243; custom_padding=&#8220;|||&#8220; global_colors_info=&#8220;{}&#8220; custom_padding__hover=&#8220;|||&#8220;][et_pb_text _builder_version=&#8220;4.16&#8243; background_size=&#8220;initial&#8220; background_position=&#8220;top_left&#8220; background_repeat=&#8220;repeat&#8220; global_colors_info=&#8220;{}&#8220; inline_fonts=&#8220;Pacifico&#8220;]<\/p>\n<p style=\"text-align: justify;\">Die Familie Ender ist bereits seit vielen Generationen in der Kurstadt Bad Neuenahr zu Hause. Vor knapp 20 Jahren hatten unsere Familienoberh\u00e4upter Irmgard und Achim Ender den Gedanken, unsere Einliegerwohnung in Bad Neuenahr touristisch zu nutzen und gr\u00fcndeten das Ferien-Domizil Ender. Aufgrund der optimalen Lage und der g\u00e4steorientierten Ausrichtung wird die Wohnung bis heute sehr gerne angenommen. Die Ferienwohnung wurde bisher stets mit 4 Sternen\u00a0 vom Fremdenverkehrsverein bewertet.<\/p>\n<p style=\"text-align: justify;\">Vor wenigen Jahren traf die n\u00e4chste Generation der Familie, welche in Rech in ca. 10 km Entfernung zu Hause ist, aufgrund des Familienzuwachses die Entscheidung, in Rech noch einmal zu bauen. Das zu klein gewordene, aber liebevoll erweiterte und grundrestaurierte ehemalige Familienheim, wird seit Fertigstellung des Neubaus in direkter Nachbarschaft, als Ferienhaus angeboten. Eine ger\u00e4umige Einliegerwohnung im Neubau wird zudem als Ferienwohnung angeboten. Beide Unterk\u00fcnfte bieten ansprechenden Komfort und Bestblick auf die umgebenden Weinberge entlang des Ahrtals.<\/p>\n<p><img loading=\"lazy\" decoding=\"async\" class=\"alignright  wp-image-301\" style=\"border: 1px solid black; margin: 10px;\" title=\"Joachim Ender\" alt=\"\" src=\"https:\/\/www.ender-online.com\/Fewo\/wp-content\/uploads\/2012\/05\/DSC06293_klein-200x300.jpg\" width=\"120\" height=\"180\" \/><img loading=\"lazy\" decoding=\"async\" class=\"wp-image-300 alignleft\" style=\"margin: 10px; border: 1px solid black;\" title=\"Familie Ender\" alt=\"\" src=\"https:\/\/www.ender-online.com\/Fewo\/wp-content\/uploads\/2012\/05\/DSC06256_2_klein-200x300.jpg\" width=\"120\" height=\"180\" \/><\/p>\n<p style=\"text-align: justify;\">Unsere Familie freut sich auf Ihren m\u00f6glichen Besuch und die Chance, Ihnen das sch\u00f6ne Ahrtal aus Tradition n\u00e4herzubringen.<\/p>\n<p style=\"text-align: justify;\">Herzlich hei\u00dfen wir Sie bei uns Willkommen,<\/p>\n<p>Ihre<\/p>\n<p><span style=\"font-family: Pacifico; font-weight: normal;\"><strong><span style=\"font-size: large;\">\u00a0\u00a0\u00a0 Familie Ender<\/span><\/strong><\/span><\/p>\n<p>[\/et_pb_text][\/et_pb_column][\/et_pb_row][\/et_pb_section]<\/p>\n","protected":false},"excerpt":{"rendered":"<p>Die Familie Ender ist bereits seit vielen&#8230;<\/p>\n","protected":false},"author":1,"featured_media":0,"parent":0,"menu_order":-1,"comment_status":"closed","ping_status":"closed","template":"","meta":{"_et_pb_use_builder":"on","_et_pb_old_content":"<p style=\"text-align: justify;\">Die Familie Ender ist bereits seit vielen Generationen in der Kurstadt Bad Neuenahr zu Hause. Vor knapp 20 Jahren hatten unsere Familienoberh\u00e4upter Irmgard und Achim Ender den Gedanken, unsere Einliegerwohnung in Bad Neuenahr touristisch zu nutzen und gr\u00fcndeten das Ferien-Domizil Ender. Aufgrund der optimalen Lage und der g\u00e4steorientierten Ausrichtung wird die Wohnung bis heute sehr gerne angenommen. Die Ferienwohnung wurde bisher stets mit 4 Sternen&nbsp; vom Fremdenverkehrsverein bewertet.<\/p>\n<p style=\"text-align: justify;\">Vor wenigen Jahren traf die n\u00e4chste Generation der Familie, welche in Rech in ca. 10 km Entfernung zu Hause ist, aufgrund des Familienzuwachses die Entscheidung, in Rech noch einmal zu bauen. Das zu klein gewordene, aber liebevoll erweiterte und grundrestaurierte ehemalige Familienheim, wird seit Fertigstellung des Neubaus in direkter Nachbarschaft, als Ferienhaus angeboten. Eine ger\u00e4umige Einliegerwohnung im Neubau wird zudem als Ferienwohnung angeboten. Beide Unterk\u00fcnfte bieten ansprechenden Komfort und Bestblick auf die umgebenden Weinberge entlang des Ahrtals.<\/p>\n<img class=\"alignright  wp-image-301\" style=\"border: 1px solid black; margin: 10px;\" title=\"Joachim Ender\" alt=\"\" src=\"https:\/\/www.ender-online.com\/Fewo\/wp-content\/uploads\/2012\/05\/DSC06293_klein-200x300.jpg\" width=\"120\" height=\"180\"><img class=\"wp-image-300 alignleft\" style=\"margin: 10px; border: 1px solid black;\" title=\"Familie Ender\" alt=\"\" src=\"https:\/\/www.ender-online.com\/Fewo\/wp-content\/uploads\/2012\/05\/DSC06256_2_klein-200x300.jpg\" width=\"120\" height=\"180\">\n<p style=\"text-align: justify;\">Unsere Familie freut sich auf Ihren m\u00f6glichen Besuch und die Chance, Ihnen das sch\u00f6ne Ahrtal aus Tradition n\u00e4herzubringen.<\/p>\n<p style=\"text-align: justify;\">Herzlich hei\u00dfen wir Sie bei uns Willkommen,<\/p>\nIhre Familie Ender","_et_gb_content_width":"","footnotes":""},"class_list":["post-232","page","type-page","status-publish","hentry"],"aioseo_notices":[],"_links":{"self":[{"href":"https:\/\/www.ender-online.com\/Fewo\/wp-json\/wp\/v2\/pages\/232","targetHints":{"allow":["GET"]}}],"collection":[{"href":"https:\/\/www.ender-online.com\/Fewo\/wp-json\/wp\/v2\/pages"}],"about":[{"href":"https:\/\/www.ender-online.com\/Fewo\/wp-json\/wp\/v2\/types\/page"}],"author":[{"embeddable":true,"href":"https:\/\/www.ender-online.com\/Fewo\/wp-json\/wp\/v2\/users\/1"}],"replies":[{"embeddable":true,"href":"https:\/\/www.ender-online.com\/Fewo\/wp-json\/wp\/v2\/comments?post=232"}],"version-history":[{"count":36,"href":"https:\/\/www.ender-online.com\/Fewo\/wp-json\/wp\/v2\/pages\/232\/revisions"}],"predecessor-version":[{"id":1062,"href":"https:\/\/www.ender-online.com\/Fewo\/wp-json\/wp\/v2\/pages\/232\/revisions\/1062"}],"wp:attachment":[{"href":"https:\/\/www.ender-online.com\/Fewo\/wp-json\/wp\/v2\/media?parent=232"}],"curies":[{"name":"wp","href":"https:\/\/api.w.org\/{rel}","templated":true}]}}