{"id":16,"date":"2012-04-27T10:30:59","date_gmt":"2012-04-27T10:30:59","guid":{"rendered":"http:\/\/www.ender-online.com\/Fewo\/?page_id=16"},"modified":"2013-06-16T00:07:20","modified_gmt":"2013-06-15T22:07:20","slug":"galerie","status":"publish","type":"page","link":"https:\/\/www.ender-online.com\/Fewo\/informationendownloads\/galerie\/","title":{"rendered":"Galerie"},"content":{"rendered":"<p><span style=\"color: #808080;\">Das Ahrtal ist eine atemberaubende Gegend. Die \u00fcppige Natur und der moderne Einfluss in den St\u00e4dten bietet Ihnen die perfekte Kombination f\u00fcr einen erholsamen Urlaub. Entdecken Sie die Gegend virtuell!<\/span><br \/>\n<!--more--><\/p>\n<p>Von Zeit zu Zeit werden wir neue Bilder aus dem Ahrtal hinzuf\u00fcgen &#8211; so wie es sich gerade ergibt!<\/p>\n<p>Bitte w\u00e4hlen Sie, welche Galerie Sie betrachten m\u00f6chten:<\/p>\n<p>&nbsp;<\/p>\n<p style=\"text-align: center;\"><span style=\"font-size: x-small;\"><strong><a title=\"Rech\" href=\"https:\/\/www.ender-online.com\/Fewo\/informationendownloads\/galerie\/galerie-1\/\">Das Winzerdorf Rech und seine Umgebung<\/a><\/strong><\/span><\/p>\n<p style=\"text-align: center;\">\u00a0<span style=\"font-size: x-small;\"><strong><a title=\"Bad Neuenahr\" href=\"https:\/\/www.ender-online.com\/Fewo\/informationendownloads\/galerie\/galerie-3\/\">Die Kurstadt<\/a><\/strong><\/span><strong><\/strong><span style=\"font-size: x-small;\"><strong><a title=\"Bad Neuenahr\" href=\"https:\/\/www.ender-online.com\/Fewo\/informationendownloads\/galerie\/galerie-3\/\">Bad Neuenahr<\/a><\/strong><\/span><span style=\"font-size: x-small;\"><strong><a title=\"Bad Neuenahr\" href=\"https:\/\/www.ender-online.com\/Fewo\/informationendownloads\/galerie\/galerie-3\/\"> und seine Umgebung<\/a><\/strong><\/span><\/p>\n<p style=\"text-align: center;\">\u00a0<span style=\"font-size: x-small;\"><strong><a title=\"Ahrweiler\" href=\"https:\/\/www.ender-online.com\/Fewo\/informationendownloads\/galerie\/galerie-2\/\">Das idyllische <span style=\"font-size: x-small;\">Ahrweiler<\/span><\/a><\/strong><\/span><\/p>\n","protected":false},"excerpt":{"rendered":"<p>Das Ahrtal ist eine atemberaubende Gegend. Die &uuml;ppige Natur und der moderne Einfluss in den St&auml;dten bietet Ihnen die perfekte Kombination f&uuml;r einen erholsamen Urlaub. Entdecken Sie die Gegend virtuell!<\/p>\n","protected":false},"author":1,"featured_media":0,"parent":101,"menu_order":3,"comment_status":"closed","ping_status":"closed","template":"","meta":{"_et_pb_use_builder":"","_et_pb_old_content":"","_et_gb_content_width":"","footnotes":""},"class_list":["post-16","page","type-page","status-publish","hentry"],"aioseo_notices":[],"_links":{"self":[{"href":"https:\/\/www.ender-online.com\/Fewo\/wp-json\/wp\/v2\/pages\/16","targetHints":{"allow":["GET"]}}],"collection":[{"href":"https:\/\/www.ender-online.com\/Fewo\/wp-json\/wp\/v2\/pages"}],"about":[{"href":"https:\/\/www.ender-online.com\/Fewo\/wp-json\/wp\/v2\/types\/page"}],"author":[{"embeddable":true,"href":"https:\/\/www.ender-online.com\/Fewo\/wp-json\/wp\/v2\/users\/1"}],"replies":[{"embeddable":true,"href":"https:\/\/www.ender-online.com\/Fewo\/wp-json\/wp\/v2\/comments?post=16"}],"version-history":[{"count":43,"href":"https:\/\/www.ender-online.com\/Fewo\/wp-json\/wp\/v2\/pages\/16\/revisions"}],"predecessor-version":[{"id":757,"href":"https:\/\/www.ender-online.com\/Fewo\/wp-json\/wp\/v2\/pages\/16\/revisions\/757"}],"up":[{"embeddable":true,"href":"https:\/\/www.ender-online.com\/Fewo\/wp-json\/wp\/v2\/pages\/101"}],"wp:attachment":[{"href":"https:\/\/www.ender-online.com\/Fewo\/wp-json\/wp\/v2\/media?parent=16"}],"curies":[{"name":"wp","href":"https:\/\/api.w.org\/{rel}","templated":true}]}}