{"id":14,"date":"2012-04-27T10:30:43","date_gmt":"2012-04-27T08:30:43","guid":{"rendered":"http:\/\/www.ender-online.com\/Fewo\/?page_id=14"},"modified":"2024-11-25T19:44:33","modified_gmt":"2024-11-25T18:44:33","slug":"ferienwohnungrech","status":"publish","type":"page","link":"https:\/\/www.ender-online.com\/Fewo\/ferienwohnungrech\/","title":{"rendered":"Ferienwohnung Rech"},"content":{"rendered":"<p>[et_pb_section fb_built=&#8220;1&#8243; admin_label=&#8220;section&#8220; _builder_version=&#8220;4.16&#8243; global_colors_info=&#8220;{}&#8220;][et_pb_row admin_label=&#8220;row&#8220; _builder_version=&#8220;4.16&#8243; background_size=&#8220;initial&#8220; background_position=&#8220;top_left&#8220; background_repeat=&#8220;repeat&#8220; global_colors_info=&#8220;{}&#8220;][et_pb_column type=&#8220;4_4&#8243; _builder_version=&#8220;4.16&#8243; custom_padding=&#8220;|||&#8220; global_colors_info=&#8220;{}&#8220; custom_padding__hover=&#8220;|||&#8220;][et_pb_text admin_label=&#8220;Text&#8220; _builder_version=&#8220;4.16&#8243; background_size=&#8220;initial&#8220; background_position=&#8220;top_left&#8220; background_repeat=&#8220;repeat&#8220; inline_fonts=&#8220;Arial&#8220; global_colors_info=&#8220;{}&#8220;]<\/p>\n<p><strong>Wir bieten unsere Ferienwohnung nicht mehr f\u00fcr touristische Zwecke an.<\/strong><\/p>\n<p>Unsere Ferienwohnung in Rech bietet einen wundervollen Ausblick von Rech bis nach Dernau. Unsere G\u00e4ste sch\u00e4tzen die Hanglage oberhalb Rechs und geniessen gerne den unverbauten Blick von der ger\u00e4umigen Terrasse entlang des Ahrtals und den umgebenden Weinbergen, auf die Saffenburg und den Krausberg. G\u00f6nnen Sie sich das Panorama und geniessen Sie in Ruhe dabei ein gutes Glas Wein.<\/p>\n<p><!--more--><\/p>\n<p>Die gro\u00dfz\u00fcgig angelegte Ferienwohnung ist liebevoll eingerichtet und trotz guter Erreichbarkeit sehr ruhig an einer Stichstrasse gelegen. Sie stellt einen sehr guten Ausgangspunkt f\u00fcr Unternehmungen im Ahrtal dar. Rotweinwanderweg und Ahrsteig befinden sich in unmittelbarer N\u00e4he, Strau\u00dfwirtschaften und anderweitige Gastronomie sind in Vielzahl vorhanden.<\/p>\n<p>Unsere Ferienwohnung bietet f\u00fcr bis zu 2 Personen auf ca. 85 qm eine sehr komfortable Unterbringung .<\/p>\n<p>Komplett oberhalb von Rech liegend, bietet die Ferienwohnung unverbaubaren Bestblick auf die umliegende Landschaft wie Weinberge, Ahrtal, Saffenburg und Krausberg. Geniessen Sie den Ausblick in gem\u00fctlichen Momenten von Ihrer eigenen Terrasse. Geniessen Sie auch die Ruhe und den Vorteil am Dorfrand Urlaub zu machen. In wenigen Minuten erreichen Sie den Rotweinwanderweg, den Radwanderweg entlang der Ahr oder gastronomische Betriebe. Starten Sie von hier Ihre Wanderungen zur Saffenburg, dem Krausberg oder vielz\u00e4hligen Weinorten wie Dernau und Mayschoss. Oder verbleiben Sie einfach in Ihrer gem\u00fctlich ausgestatteten Unterkunft, falls das Wetter einmal nicht so mitspielt.<\/p>\n<p><strong>Die vollausgestattete Ferienwohnung beinhaltet f\u00fcr Sie:<\/strong><\/p>\n<p>&#8211; Separaten Eingang<br \/>&#8211; Wohnbereich (mit grossem Flachbild-Fernseher 3D-HD (55 Zoll))<br \/>&#8211; K\u00fcche<br \/>&#8211; Essbereich<br \/>&#8211; Schlafzimmer (mit Flachbild-Fernseher HD (27 Zoll))<br \/>&#8211; Badezimmer (Dusche, WC)<br \/>&#8211; Au\u00dfenterrasse mit Grillm\u00f6glichkeit<br \/>&#8211; Fussbodenheizung in allen R\u00e4umen<br \/>&#8211; Wasserenth\u00e4rtungsanlage f\u00fcr hautentspannendes Duschen<\/p>\n<p>Die Ferienwohnung ist eine<strong> Nichtraucherwohnung.<\/strong> Nikotinkonsum ist auf der Terrasse aber jederzeit m\u00f6glich.<\/p>\n<h2><strong><span style=\"font-family: Arial; font-size: medium;\">Preis pro \u00dcbernachtung (2 Personen): 75.- Euro<\/span><br \/><\/strong><\/h2>\n<p>Reservierungen nehmen wir ganzj\u00e4hrig ab 4 N\u00e4chte gerne entgegen. Die Endreinigung berechnen wir unabh\u00e4ngig vom Reservierungszeitraum mit 35.- Euro.<\/p>\n<p><strong>Im Preis inklusive:<\/strong><br \/>Satellitenfernsehen (HD), Bettw\u00e4sche, Handt\u00fccher, K\u00fcchengeschirr, Strom, Heizung, Wasser<\/p>\n<p>WLAN-Internetzugang ist nach Absprache m\u00f6glich!<\/p>\n<p>Hunde sind aufgrund schlechter Erfahrungen leider nicht mehr m\u00f6glich, was wir selber sehr bedauern!<\/p>\n<p>Einen Telefonanschlu\u00df stellen wir mangels Nachfrage und Nutzung durch unsere G\u00e4ste im Zeitalter der Mobiltelefone nicht mehr zur Verf\u00fcgung!<\/p>\n\n\t\t<style type=\"text\/css\">\n\t\t\t#gallery-1 {\n\t\t\t\tmargin: auto;\n\t\t\t}\n\t\t\t#gallery-1 .gallery-item {\n\t\t\t\tfloat: left;\n\t\t\t\tmargin-top: 10px;\n\t\t\t\ttext-align: center;\n\t\t\t\twidth: 33%;\n\t\t\t}\n\t\t\t#gallery-1 img {\n\t\t\t\tborder: 2px solid #cfcfcf;\n\t\t\t}\n\t\t\t#gallery-1 .gallery-caption {\n\t\t\t\tmargin-left: 0;\n\t\t\t}\n\t\t\t\/* see gallery_shortcode() in wp-includes\/media.php *\/\n\t\t<\/style>\n\t\t<div id='gallery-1' class='gallery galleryid-14 gallery-columns-3 gallery-size-thumbnail'><dl class='gallery-item'>\n\t\t\t<dt class='gallery-icon landscape'>\n\t\t\t\t<a href='https:\/\/www.ender-online.com\/Fewo\/wp-content\/uploads\/2012\/04\/DSC09884web.jpg'><img loading=\"lazy\" decoding=\"async\" width=\"150\" height=\"150\" src=\"https:\/\/www.ender-online.com\/Fewo\/wp-content\/uploads\/2012\/04\/DSC09884web-150x150.jpg\" class=\"attachment-thumbnail size-thumbnail\" alt=\"\" aria-describedby=\"gallery-1-758\" \/><\/a>\n\t\t\t<\/dt>\n\t\t\t\t<dd class='wp-caption-text gallery-caption' id='gallery-1-758'>\n\t\t\t\tAbendimpression\n\t\t\t\t<\/dd><\/dl><dl class='gallery-item'>\n\t\t\t<dt class='gallery-icon landscape'>\n\t\t\t\t<a href='https:\/\/www.ender-online.com\/Fewo\/wp-content\/uploads\/2012\/04\/DSC09867web.jpg'><img loading=\"lazy\" decoding=\"async\" width=\"150\" height=\"150\" src=\"https:\/\/www.ender-online.com\/Fewo\/wp-content\/uploads\/2012\/04\/DSC09867web-150x150.jpg\" class=\"attachment-thumbnail size-thumbnail\" alt=\"\" aria-describedby=\"gallery-1-759\" \/><\/a>\n\t\t\t<\/dt>\n\t\t\t\t<dd class='wp-caption-text gallery-caption' id='gallery-1-759'>\n\t\t\t\tAbendimpression\n\t\t\t\t<\/dd><\/dl><dl class='gallery-item'>\n\t\t\t<dt class='gallery-icon landscape'>\n\t\t\t\t<a href='https:\/\/www.ender-online.com\/Fewo\/wp-content\/uploads\/2012\/04\/DSC09868web.jpg'><img loading=\"lazy\" decoding=\"async\" width=\"150\" height=\"150\" src=\"https:\/\/www.ender-online.com\/Fewo\/wp-content\/uploads\/2012\/04\/DSC09868web-150x150.jpg\" class=\"attachment-thumbnail size-thumbnail\" alt=\"\" aria-describedby=\"gallery-1-760\" \/><\/a>\n\t\t\t<\/dt>\n\t\t\t\t<dd class='wp-caption-text gallery-caption' id='gallery-1-760'>\n\t\t\t\tAbendimpression\n\t\t\t\t<\/dd><\/dl><br style=\"clear: both\" \/><dl class='gallery-item'>\n\t\t\t<dt class='gallery-icon landscape'>\n\t\t\t\t<a href='https:\/\/www.ender-online.com\/Fewo\/wp-content\/uploads\/2012\/04\/DSC09870web.jpg'><img loading=\"lazy\" decoding=\"async\" width=\"150\" height=\"150\" src=\"https:\/\/www.ender-online.com\/Fewo\/wp-content\/uploads\/2012\/04\/DSC09870web-150x150.jpg\" class=\"attachment-thumbnail size-thumbnail\" alt=\"\" aria-describedby=\"gallery-1-761\" \/><\/a>\n\t\t\t<\/dt>\n\t\t\t\t<dd class='wp-caption-text gallery-caption' id='gallery-1-761'>\n\t\t\t\tAbendimpression\n\t\t\t\t<\/dd><\/dl><dl class='gallery-item'>\n\t\t\t<dt class='gallery-icon landscape'>\n\t\t\t\t<a href='https:\/\/www.ender-online.com\/Fewo\/wp-content\/uploads\/2012\/04\/DSC09873web.jpg'><img loading=\"lazy\" decoding=\"async\" width=\"150\" height=\"150\" src=\"https:\/\/www.ender-online.com\/Fewo\/wp-content\/uploads\/2012\/04\/DSC09873web-150x150.jpg\" class=\"attachment-thumbnail size-thumbnail\" alt=\"\" aria-describedby=\"gallery-1-762\" \/><\/a>\n\t\t\t<\/dt>\n\t\t\t\t<dd class='wp-caption-text gallery-caption' id='gallery-1-762'>\n\t\t\t\tAbendimpression\n\t\t\t\t<\/dd><\/dl><dl class='gallery-item'>\n\t\t\t<dt class='gallery-icon landscape'>\n\t\t\t\t<a href='https:\/\/www.ender-online.com\/Fewo\/wp-content\/uploads\/2012\/04\/DSC09874web.jpg'><img loading=\"lazy\" decoding=\"async\" width=\"150\" height=\"150\" src=\"https:\/\/www.ender-online.com\/Fewo\/wp-content\/uploads\/2012\/04\/DSC09874web-150x150.jpg\" class=\"attachment-thumbnail size-thumbnail\" alt=\"\" aria-describedby=\"gallery-1-763\" \/><\/a>\n\t\t\t<\/dt>\n\t\t\t\t<dd class='wp-caption-text gallery-caption' id='gallery-1-763'>\n\t\t\t\tAbendimpression\n\t\t\t\t<\/dd><\/dl><br style=\"clear: both\" \/><dl class='gallery-item'>\n\t\t\t<dt class='gallery-icon landscape'>\n\t\t\t\t<a href='https:\/\/www.ender-online.com\/Fewo\/wp-content\/uploads\/2012\/04\/DSC09882web.jpg'><img loading=\"lazy\" decoding=\"async\" width=\"150\" height=\"150\" src=\"https:\/\/www.ender-online.com\/Fewo\/wp-content\/uploads\/2012\/04\/DSC09882web-150x150.jpg\" class=\"attachment-thumbnail size-thumbnail\" alt=\"\" aria-describedby=\"gallery-1-764\" \/><\/a>\n\t\t\t<\/dt>\n\t\t\t\t<dd class='wp-caption-text gallery-caption' id='gallery-1-764'>\n\t\t\t\tAbendimpression\n\t\t\t\t<\/dd><\/dl><dl class='gallery-item'>\n\t\t\t<dt class='gallery-icon landscape'>\n\t\t\t\t<a href='https:\/\/www.ender-online.com\/Fewo\/wp-content\/uploads\/2012\/04\/FeWo-Rech-Treppenaufgang1web.jpg'><img loading=\"lazy\" decoding=\"async\" width=\"150\" height=\"150\" src=\"https:\/\/www.ender-online.com\/Fewo\/wp-content\/uploads\/2012\/04\/FeWo-Rech-Treppenaufgang1web-150x150.jpg\" class=\"attachment-thumbnail size-thumbnail\" alt=\"\" aria-describedby=\"gallery-1-721\" \/><\/a>\n\t\t\t<\/dt>\n\t\t\t\t<dd class='wp-caption-text gallery-caption' id='gallery-1-721'>\n\t\t\t\tAussenaufgang\n\t\t\t\t<\/dd><\/dl><dl class='gallery-item'>\n\t\t\t<dt class='gallery-icon landscape'>\n\t\t\t\t<a href='https:\/\/www.ender-online.com\/Fewo\/wp-content\/uploads\/2012\/04\/FeWo-Rech-Terrasse1web.jpg'><img loading=\"lazy\" decoding=\"async\" width=\"150\" height=\"150\" src=\"https:\/\/www.ender-online.com\/Fewo\/wp-content\/uploads\/2012\/04\/FeWo-Rech-Terrasse1web-150x150.jpg\" class=\"attachment-thumbnail size-thumbnail\" alt=\"\" aria-describedby=\"gallery-1-720\" \/><\/a>\n\t\t\t<\/dt>\n\t\t\t\t<dd class='wp-caption-text gallery-caption' id='gallery-1-720'>\n\t\t\t\tTerrasse\n\t\t\t\t<\/dd><\/dl><br style=\"clear: both\" \/><dl class='gallery-item'>\n\t\t\t<dt class='gallery-icon portrait'>\n\t\t\t\t<a href='https:\/\/www.ender-online.com\/Fewo\/wp-content\/uploads\/2012\/04\/FeWo-Rech-Bad1.jpg'><img loading=\"lazy\" decoding=\"async\" width=\"150\" height=\"150\" src=\"https:\/\/www.ender-online.com\/Fewo\/wp-content\/uploads\/2012\/04\/FeWo-Rech-Bad1-150x150.jpg\" class=\"attachment-thumbnail size-thumbnail\" alt=\"\" aria-describedby=\"gallery-1-705\" \/><\/a>\n\t\t\t<\/dt>\n\t\t\t\t<dd class='wp-caption-text gallery-caption' id='gallery-1-705'>\n\t\t\t\tBadezimmer\n\t\t\t\t<\/dd><\/dl><dl class='gallery-item'>\n\t\t\t<dt class='gallery-icon portrait'>\n\t\t\t\t<a href='https:\/\/www.ender-online.com\/Fewo\/wp-content\/uploads\/2012\/04\/FeWo-Rech-Bad3.jpg'><img loading=\"lazy\" decoding=\"async\" width=\"150\" height=\"150\" src=\"https:\/\/www.ender-online.com\/Fewo\/wp-content\/uploads\/2012\/04\/FeWo-Rech-Bad3-150x150.jpg\" class=\"attachment-thumbnail size-thumbnail\" alt=\"\" aria-describedby=\"gallery-1-707\" \/><\/a>\n\t\t\t<\/dt>\n\t\t\t\t<dd class='wp-caption-text gallery-caption' id='gallery-1-707'>\n\t\t\t\tBadezimmer\n\t\t\t\t<\/dd><\/dl><dl class='gallery-item'>\n\t\t\t<dt class='gallery-icon portrait'>\n\t\t\t\t<a href='https:\/\/www.ender-online.com\/Fewo\/wp-content\/uploads\/2012\/04\/FeWo-Rech-Bad5.jpg'><img loading=\"lazy\" decoding=\"async\" width=\"150\" height=\"150\" src=\"https:\/\/www.ender-online.com\/Fewo\/wp-content\/uploads\/2012\/04\/FeWo-Rech-Bad5-150x150.jpg\" class=\"attachment-thumbnail size-thumbnail\" alt=\"\" aria-describedby=\"gallery-1-709\" \/><\/a>\n\t\t\t<\/dt>\n\t\t\t\t<dd class='wp-caption-text gallery-caption' id='gallery-1-709'>\n\t\t\t\tBadezimmer\n\t\t\t\t<\/dd><\/dl><br style=\"clear: both\" \/><dl class='gallery-item'>\n\t\t\t<dt class='gallery-icon landscape'>\n\t\t\t\t<a href='https:\/\/www.ender-online.com\/Fewo\/wp-content\/uploads\/2012\/04\/FeWo-Rech-K\u00fcche3web.jpg'><img loading=\"lazy\" decoding=\"async\" width=\"150\" height=\"150\" src=\"https:\/\/www.ender-online.com\/Fewo\/wp-content\/uploads\/2012\/04\/FeWo-Rech-K\u00fcche3web-150x150.jpg\" class=\"attachment-thumbnail size-thumbnail\" alt=\"\" aria-describedby=\"gallery-1-715\" \/><\/a>\n\t\t\t<\/dt>\n\t\t\t\t<dd class='wp-caption-text gallery-caption' id='gallery-1-715'>\n\t\t\t\tK\u00fcche\n\t\t\t\t<\/dd><\/dl><dl class='gallery-item'>\n\t\t\t<dt class='gallery-icon landscape'>\n\t\t\t\t<a href='https:\/\/www.ender-online.com\/Fewo\/wp-content\/uploads\/2012\/04\/FeWo-Rech-K\u00fcche1web.jpg'><img loading=\"lazy\" decoding=\"async\" width=\"150\" height=\"150\" src=\"https:\/\/www.ender-online.com\/Fewo\/wp-content\/uploads\/2012\/04\/FeWo-Rech-K\u00fcche1web-150x150.jpg\" class=\"attachment-thumbnail size-thumbnail\" alt=\"\" aria-describedby=\"gallery-1-713\" \/><\/a>\n\t\t\t<\/dt>\n\t\t\t\t<dd class='wp-caption-text gallery-caption' id='gallery-1-713'>\n\t\t\t\tK\u00fcche\n\t\t\t\t<\/dd><\/dl><dl class='gallery-item'>\n\t\t\t<dt class='gallery-icon landscape'>\n\t\t\t\t<a href='https:\/\/www.ender-online.com\/Fewo\/wp-content\/uploads\/2012\/04\/FeWo-Rech-Schlafen3web.jpg'><img loading=\"lazy\" decoding=\"async\" width=\"150\" height=\"150\" src=\"https:\/\/www.ender-online.com\/Fewo\/wp-content\/uploads\/2012\/04\/FeWo-Rech-Schlafen3web-150x150.jpg\" class=\"attachment-thumbnail size-thumbnail\" alt=\"\" aria-describedby=\"gallery-1-718\" \/><\/a>\n\t\t\t<\/dt>\n\t\t\t\t<dd class='wp-caption-text gallery-caption' id='gallery-1-718'>\n\t\t\t\tSchlafzimmer\n\t\t\t\t<\/dd><\/dl><br style=\"clear: both\" \/><dl class='gallery-item'>\n\t\t\t<dt class='gallery-icon landscape'>\n\t\t\t\t<a href='https:\/\/www.ender-online.com\/Fewo\/wp-content\/uploads\/2012\/04\/FeWo-Rech-Schlafen2web.jpg'><img loading=\"lazy\" decoding=\"async\" width=\"150\" height=\"150\" src=\"https:\/\/www.ender-online.com\/Fewo\/wp-content\/uploads\/2012\/04\/FeWo-Rech-Schlafen2web-150x150.jpg\" class=\"attachment-thumbnail size-thumbnail\" alt=\"\" aria-describedby=\"gallery-1-717\" \/><\/a>\n\t\t\t<\/dt>\n\t\t\t\t<dd class='wp-caption-text gallery-caption' id='gallery-1-717'>\n\t\t\t\tSchlafzimmer\n\t\t\t\t<\/dd><\/dl><dl class='gallery-item'>\n\t\t\t<dt class='gallery-icon landscape'>\n\t\t\t\t<a href='https:\/\/www.ender-online.com\/Fewo\/wp-content\/uploads\/2012\/04\/FeWo-Rech-Schlafen1web.jpg'><img loading=\"lazy\" decoding=\"async\" width=\"150\" height=\"150\" src=\"https:\/\/www.ender-online.com\/Fewo\/wp-content\/uploads\/2012\/04\/FeWo-Rech-Schlafen1web-150x150.jpg\" class=\"attachment-thumbnail size-thumbnail\" alt=\"\" aria-describedby=\"gallery-1-716\" \/><\/a>\n\t\t\t<\/dt>\n\t\t\t\t<dd class='wp-caption-text gallery-caption' id='gallery-1-716'>\n\t\t\t\tSchlafzimmer\n\t\t\t\t<\/dd><\/dl><dl class='gallery-item'>\n\t\t\t<dt class='gallery-icon landscape'>\n\t\t\t\t<a href='https:\/\/www.ender-online.com\/Fewo\/wp-content\/uploads\/2012\/04\/FeWo-Rech-Essbereich1web.jpg'><img loading=\"lazy\" decoding=\"async\" width=\"150\" height=\"150\" src=\"https:\/\/www.ender-online.com\/Fewo\/wp-content\/uploads\/2012\/04\/FeWo-Rech-Essbereich1web-150x150.jpg\" class=\"attachment-thumbnail size-thumbnail\" alt=\"\" aria-describedby=\"gallery-1-711\" \/><\/a>\n\t\t\t<\/dt>\n\t\t\t\t<dd class='wp-caption-text gallery-caption' id='gallery-1-711'>\n\t\t\t\tEssbereich\n\t\t\t\t<\/dd><\/dl><br style=\"clear: both\" \/><dl class='gallery-item'>\n\t\t\t<dt class='gallery-icon landscape'>\n\t\t\t\t<a href='https:\/\/www.ender-online.com\/Fewo\/wp-content\/uploads\/2012\/04\/FeWo-Rech-Essbereich2web.jpg'><img loading=\"lazy\" decoding=\"async\" width=\"150\" height=\"150\" src=\"https:\/\/www.ender-online.com\/Fewo\/wp-content\/uploads\/2012\/04\/FeWo-Rech-Essbereich2web-150x150.jpg\" class=\"attachment-thumbnail size-thumbnail\" alt=\"\" aria-describedby=\"gallery-1-712\" \/><\/a>\n\t\t\t<\/dt>\n\t\t\t\t<dd class='wp-caption-text gallery-caption' id='gallery-1-712'>\n\t\t\t\tEssbereich\n\t\t\t\t<\/dd><\/dl><dl class='gallery-item'>\n\t\t\t<dt class='gallery-icon landscape'>\n\t\t\t\t<a href='https:\/\/www.ender-online.com\/Fewo\/wp-content\/uploads\/2012\/04\/FeWo-Rech-Wohnen3web.jpg'><img loading=\"lazy\" decoding=\"async\" width=\"150\" height=\"150\" src=\"https:\/\/www.ender-online.com\/Fewo\/wp-content\/uploads\/2012\/04\/FeWo-Rech-Wohnen3web-150x150.jpg\" class=\"attachment-thumbnail size-thumbnail\" alt=\"\" aria-describedby=\"gallery-1-724\" \/><\/a>\n\t\t\t<\/dt>\n\t\t\t\t<dd class='wp-caption-text gallery-caption' id='gallery-1-724'>\n\t\t\t\tEssbereich\n\t\t\t\t<\/dd><\/dl><dl class='gallery-item'>\n\t\t\t<dt class='gallery-icon landscape'>\n\t\t\t\t<a href='https:\/\/www.ender-online.com\/Fewo\/wp-content\/uploads\/2012\/04\/FeWo-Rech-Wohnen2web.jpg'><img loading=\"lazy\" decoding=\"async\" width=\"150\" height=\"150\" src=\"https:\/\/www.ender-online.com\/Fewo\/wp-content\/uploads\/2012\/04\/FeWo-Rech-Wohnen2web-150x150.jpg\" class=\"attachment-thumbnail size-thumbnail\" alt=\"\" aria-describedby=\"gallery-1-723\" \/><\/a>\n\t\t\t<\/dt>\n\t\t\t\t<dd class='wp-caption-text gallery-caption' id='gallery-1-723'>\n\t\t\t\tWohnbereich\n\t\t\t\t<\/dd><\/dl><br style=\"clear: both\" \/><dl class='gallery-item'>\n\t\t\t<dt class='gallery-icon landscape'>\n\t\t\t\t<a href='https:\/\/www.ender-online.com\/Fewo\/wp-content\/uploads\/2012\/04\/FeWo-Rech-Wohnen4web.jpg'><img loading=\"lazy\" decoding=\"async\" width=\"150\" height=\"150\" src=\"https:\/\/www.ender-online.com\/Fewo\/wp-content\/uploads\/2012\/04\/FeWo-Rech-Wohnen4web-150x150.jpg\" class=\"attachment-thumbnail size-thumbnail\" alt=\"\" aria-describedby=\"gallery-1-725\" \/><\/a>\n\t\t\t<\/dt>\n\t\t\t\t<dd class='wp-caption-text gallery-caption' id='gallery-1-725'>\n\t\t\t\tWohnbereich\n\t\t\t\t<\/dd><\/dl><dl class='gallery-item'>\n\t\t\t<dt class='gallery-icon landscape'>\n\t\t\t\t<a href='https:\/\/www.ender-online.com\/Fewo\/wp-content\/uploads\/2012\/04\/FeWo-Rech-Wohnen1web.jpg'><img loading=\"lazy\" decoding=\"async\" width=\"150\" height=\"150\" src=\"https:\/\/www.ender-online.com\/Fewo\/wp-content\/uploads\/2012\/04\/FeWo-Rech-Wohnen1web-150x150.jpg\" class=\"attachment-thumbnail size-thumbnail\" alt=\"\" aria-describedby=\"gallery-1-722\" \/><\/a>\n\t\t\t<\/dt>\n\t\t\t\t<dd class='wp-caption-text gallery-caption' id='gallery-1-722'>\n\t\t\t\tWohnbereich\n\t\t\t\t<\/dd><\/dl><dl class='gallery-item'>\n\t\t\t<dt class='gallery-icon landscape'>\n\t\t\t\t<a href='https:\/\/www.ender-online.com\/Fewo\/wp-content\/uploads\/2012\/04\/FeWo-Rech-Aussenansicht2web.jpg'><img loading=\"lazy\" decoding=\"async\" width=\"150\" height=\"150\" src=\"https:\/\/www.ender-online.com\/Fewo\/wp-content\/uploads\/2012\/04\/FeWo-Rech-Aussenansicht2web-150x150.jpg\" class=\"attachment-thumbnail size-thumbnail\" alt=\"\" aria-describedby=\"gallery-1-704\" \/><\/a>\n\t\t\t<\/dt>\n\t\t\t\t<dd class='wp-caption-text gallery-caption' id='gallery-1-704'>\n\t\t\t\tAussenansicht\n\t\t\t\t<\/dd><\/dl><br style=\"clear: both\" \/><dl class='gallery-item'>\n\t\t\t<dt class='gallery-icon landscape'>\n\t\t\t\t<a href='https:\/\/www.ender-online.com\/Fewo\/wp-content\/uploads\/2012\/04\/FeWo-Rech-Aussenansicht1web.jpg'><img loading=\"lazy\" decoding=\"async\" width=\"150\" height=\"150\" src=\"https:\/\/www.ender-online.com\/Fewo\/wp-content\/uploads\/2012\/04\/FeWo-Rech-Aussenansicht1web-150x150.jpg\" class=\"attachment-thumbnail size-thumbnail\" alt=\"\" aria-describedby=\"gallery-1-703\" \/><\/a>\n\t\t\t<\/dt>\n\t\t\t\t<dd class='wp-caption-text gallery-caption' id='gallery-1-703'>\n\t\t\t\tAussenansicht\n\t\t\t\t<\/dd><\/dl>\n\t\t\t<br style='clear: both' \/>\n\t\t<\/div>\n\n<p>[\/et_pb_text][\/et_pb_column][\/et_pb_row][\/et_pb_section]<\/p>\n","protected":false},"excerpt":{"rendered":"<p>Wir bieten unsere Ferienwohnung nicht mehr f\u00fcr&#8230;<\/p>\n","protected":false},"author":1,"featured_media":0,"parent":0,"menu_order":2,"comment_status":"closed","ping_status":"closed","template":"","meta":{"_et_pb_use_builder":"on","_et_pb_old_content":"Unsere Ferienwohnung in Rech bietet einen wundervollen Ausblick von Rech bis nach Dernau. Unsere G\u00e4ste sch\u00e4tzen die Hanglage oberhalb Rechs und geniessen gerne den unverbauten Blick von der ger\u00e4umigen Terrasse entlang des Ahrtals und den umgebenden Weinbergen, auf die Saffenburg und den Krausberg. G\u00f6nnen Sie sich das Panorama und geniessen Sie in Ruhe dabei ein gutes Glas Wein.\n\n<!--more-->\n\nDie gro\u00dfz\u00fcgig angelegte Ferienwohnung ist liebevoll eingerichtet und trotz guter Erreichbarkeit sehr ruhig an einer Stichstrasse gelegen. Sie stellt einen sehr guten Ausgangspunkt f\u00fcr Unternehmungen im Ahrtal dar. Rotweinwanderweg und Ahrsteig befinden sich in unmittelbarer N\u00e4he, Strau\u00dfwirtschaften und anderweitige Gastronomie sind in Vielzahl vorhanden.\n\nUnsere Ferienwohnung bietet f\u00fcr bis zu 2 Personen auf ca. 85 qm eine sehr komfortable Unterbringung .\n\nKomplett oberhalb von Rech liegend, bietet die Ferienwohnung unverbaubaren Bestblick auf die umliegende Landschaft wie Weinberge, Ahrtal, Saffenburg und Krausberg. Geniessen Sie den Ausblick in gem\u00fctlichen Momenten von Ihrer eigenen Terrasse. Geniessen Sie auch die Ruhe und den Vorteil am Dorfrand Urlaub zu machen. In wenigen Minuten erreichen Sie den Rotweinwanderweg, den Radwanderweg entlang der Ahr oder gastronomische Betriebe. Starten Sie von hier Ihre Wanderungen zur Saffenburg, dem Krausberg oder vielz\u00e4hligen Weinorten wie Dernau und Mayschoss. Oder verbleiben Sie einfach in Ihrer gem\u00fctlich ausgestatteten Unterkunft, falls das Wetter einmal nicht so mitspielt.\n\n<strong>Die vollausgestattete Ferienwohnung beinhaltet f\u00fcr Sie:<\/strong>\n\n- Separaten Eingang\n- Wohnbereich (mit grossem Flachbild-Fernseher 3D-HD (55 Zoll))\n- K\u00fcche\n- Essbereich\n- Schlafzimmer (mit Flachbild-Fernseher HD (27 Zoll))\n- Badezimmer (Dusche, WC)\n- Au\u00dfenterrasse mit Grillm\u00f6glichkeit\n- Fussbodenheizung in allen R\u00e4umen\n- Wasserenth\u00e4rtungsanlage f\u00fcr hautentspannendes Duschen\n\nDie Ferienwohnung ist eine<strong> Nichtraucherwohnung.<\/strong> Nikotinkonsum ist auf der Terrasse aber jederzeit m\u00f6glich.\n<h2><strong>Preis pro \u00dcbernachtung (2 Personen): 75.- Euro\n<\/strong><\/h2>\nReservierungen nehmen wir ganzj\u00e4hrig ab 4 N\u00e4chte gerne entgegen. Die Endreinigung berechnen wir unabh\u00e4ngig vom Reservierungszeitraum mit 35.- Euro.\n\n<strong>Im Preis inklusive:<\/strong>\nSatellitenfernsehen (HD), Bettw\u00e4sche, Handt\u00fccher, K\u00fcchengeschirr, Strom, Heizung, Wasser\n\nWLAN-Internetzugang ist nach Absprache m\u00f6glich!\n\nHunde sind aufgrund schlechter Erfahrungen leider nicht mehr m\u00f6glich, was wir selber sehr bedauern!\n\nEinen Telefonanschlu\u00df stellen wir mangels Nachfrage und Nutzung durch unsere G\u00e4ste im Zeitalter der Mobiltelefone nicht mehr zur Verf\u00fcgung!\n\n[gallery link=\"file\" order=\"DESC\"]","_et_gb_content_width":"","footnotes":""},"class_list":["post-14","page","type-page","status-publish","hentry"],"aioseo_notices":[],"_links":{"self":[{"href":"https:\/\/www.ender-online.com\/Fewo\/wp-json\/wp\/v2\/pages\/14","targetHints":{"allow":["GET"]}}],"collection":[{"href":"https:\/\/www.ender-online.com\/Fewo\/wp-json\/wp\/v2\/pages"}],"about":[{"href":"https:\/\/www.ender-online.com\/Fewo\/wp-json\/wp\/v2\/types\/page"}],"author":[{"embeddable":true,"href":"https:\/\/www.ender-online.com\/Fewo\/wp-json\/wp\/v2\/users\/1"}],"replies":[{"embeddable":true,"href":"https:\/\/www.ender-online.com\/Fewo\/wp-json\/wp\/v2\/comments?post=14"}],"version-history":[{"count":79,"href":"https:\/\/www.ender-online.com\/Fewo\/wp-json\/wp\/v2\/pages\/14\/revisions"}],"predecessor-version":[{"id":1070,"href":"https:\/\/www.ender-online.com\/Fewo\/wp-json\/wp\/v2\/pages\/14\/revisions\/1070"}],"wp:attachment":[{"href":"https:\/\/www.ender-online.com\/Fewo\/wp-json\/wp\/v2\/media?parent=14"}],"curies":[{"name":"wp","href":"https:\/\/api.w.org\/{rel}","templated":true}]}}