{"id":12,"date":"2012-04-27T10:30:28","date_gmt":"2012-04-27T08:30:28","guid":{"rendered":"http:\/\/www.ender-online.com\/Fewo\/?page_id=12"},"modified":"2024-08-22T19:12:49","modified_gmt":"2024-08-22T17:12:49","slug":"ferienhausneuenahr","status":"publish","type":"page","link":"https:\/\/www.ender-online.com\/Fewo\/ferienhausneuenahr\/","title":{"rendered":"Ferienwohnung Bad Neuenahr"},"content":{"rendered":"<p>Unsere mit Liebe zum Detail ausgestattete Ferienwohnung liegt direkt an den Ausl\u00e4ufern des Neuenahrer Berges und ist somit der ideale Ausgangspunkt f\u00fcr Ihre Unternehmungen in und um Bad Neuenahr.<!--more--><\/p>\n<p>Die <strong>Ferienwohnung<\/strong> in Hanglage bietet f\u00fcr bis zu 2 Personen optimale Unterbringung.<\/p>\n<p>Sie besticht durch ihre zentrale und zugleich ruhige Lage, inmitten eines liebevoll angelegten und gepflegten Gartens. Aufgrund der Hanglage ist die Wohnung nur \u00fcber einen Treppenaufgang zu erreichen und daher nicht f\u00fcr Rollstuhlfahrer geeignet.<\/p>\n<p><strong>Die vollausgestattete Wohnung beinhaltet f\u00fcr Sie:<\/strong><\/p>\n<p>&#8211; separaten Eingang<br \/>\n&#8211; Wohnzimmer (mit gro\u00dfem Flachbild-Fernseher)<br \/>\n&#8211; Schlafzimmer (mit Flachbild-Fernseher)<br \/>\n&#8211; Badezimmer (ausgestattet mit Dusche, Wanne, Bidet und WC)<br \/>\n&#8211; K\u00fcche<br \/>\n&#8211; Wohndiele<br \/>\n&#8211; Au\u00dfenterrasse mit Grillm\u00f6glichkeit<\/p>\n<p>Die Wohnung ist eine reine <strong>Nichtraucherwohnung<\/strong>. Eine \u00fcberdachte M\u00f6glichkeit zum Rauchen steht im Freien zur Verf\u00fcgung.<\/p>\n<h4><strong>Preis pro \u00dcbernachtung (f\u00fcr bis zu 2 Personen): 70.- Euro<\/strong><\/h4>\n<p>Reservierungen nehmen wir ganzj\u00e4hrig <strong>ab 1 Woche <\/strong>(7 \u00dcbernachtungen) gerne entgegen. Die Endreinigung berechnen wir mit 30.- Euro.<\/p>\n<p><strong>Im Preis inklusive:<\/strong><br \/>\nKabelfernsehen, Bettw\u00e4sche, Handt\u00fccher, K\u00fcchengeschirr, Strom, Heizung, Wasser<\/p>\n<p>Internetzugang via WLAN nach R\u00fccksprache vor Ort m\u00f6glich und im Preis inbegriffen.<\/p>\n<p>Hunde sind nach R\u00fccksprache erlaubt!<\/p>\n<p>Einen Telefonanschlu\u00df stellen wir mangels Nachfrage und Nutzung durch unsere G\u00e4ste im Zeitalter der Mobiltelefone nicht mehr zur Verf\u00fcgung.<\/p>\n<p style=\"text-align: center;\"><span style=\"color: #000000;\">Klicken Sie auf die Bilder um eine vergr\u00f6\u00dferte Darstellung zu erhalten!<\/span><\/p>\n\n\t\t<style type=\"text\/css\">\n\t\t\t#gallery-1 {\n\t\t\t\tmargin: auto;\n\t\t\t}\n\t\t\t#gallery-1 .gallery-item {\n\t\t\t\tfloat: left;\n\t\t\t\tmargin-top: 10px;\n\t\t\t\ttext-align: center;\n\t\t\t\twidth: 33%;\n\t\t\t}\n\t\t\t#gallery-1 img {\n\t\t\t\tborder: 2px solid #cfcfcf;\n\t\t\t}\n\t\t\t#gallery-1 .gallery-caption {\n\t\t\t\tmargin-left: 0;\n\t\t\t}\n\t\t\t\/* see gallery_shortcode() in wp-includes\/media.php *\/\n\t\t<\/style>\n\t\t<div id='gallery-1' class='gallery galleryid-12 gallery-columns-3 gallery-size-thumbnail'><dl class='gallery-item'>\n\t\t\t<dt class='gallery-icon landscape'>\n\t\t\t\t<a href='https:\/\/www.ender-online.com\/Fewo\/wp-content\/uploads\/2013\/04\/DSC07256web.jpg'><img loading=\"lazy\" decoding=\"async\" width=\"150\" height=\"150\" src=\"https:\/\/www.ender-online.com\/Fewo\/wp-content\/uploads\/2013\/04\/DSC07256web-150x150.jpg\" class=\"attachment-thumbnail size-thumbnail\" alt=\"Ferienwohnung Bad Neuenahr\" aria-describedby=\"gallery-1-517\" \/><\/a>\n\t\t\t<\/dt>\n\t\t\t\t<dd class='wp-caption-text gallery-caption' id='gallery-1-517'>\n\t\t\t\tFeWo Bad Neuenahr\n\t\t\t\t<\/dd><\/dl><dl class='gallery-item'>\n\t\t\t<dt class='gallery-icon landscape'>\n\t\t\t\t<a href='https:\/\/www.ender-online.com\/Fewo\/wp-content\/uploads\/2012\/04\/Aussenansicht_Neuenahr.jpg'><img loading=\"lazy\" decoding=\"async\" width=\"150\" height=\"150\" src=\"https:\/\/www.ender-online.com\/Fewo\/wp-content\/uploads\/2012\/04\/Aussenansicht_Neuenahr-150x150.jpg\" class=\"attachment-thumbnail size-thumbnail\" alt=\"FeWo Bad Neuenahr\" aria-describedby=\"gallery-1-172\" \/><\/a>\n\t\t\t<\/dt>\n\t\t\t\t<dd class='wp-caption-text gallery-caption' id='gallery-1-172'>\n\t\t\t\tFeWo Bad Neuenahr\n\t\t\t\t<\/dd><\/dl><dl class='gallery-item'>\n\t\t\t<dt class='gallery-icon landscape'>\n\t\t\t\t<a href='https:\/\/www.ender-online.com\/Fewo\/wp-content\/uploads\/2012\/04\/Diele_Neuenahr.jpg'><img loading=\"lazy\" decoding=\"async\" width=\"150\" height=\"150\" src=\"https:\/\/www.ender-online.com\/Fewo\/wp-content\/uploads\/2012\/04\/Diele_Neuenahr-150x150.jpg\" class=\"attachment-thumbnail size-thumbnail\" alt=\"\" aria-describedby=\"gallery-1-173\" \/><\/a>\n\t\t\t<\/dt>\n\t\t\t\t<dd class='wp-caption-text gallery-caption' id='gallery-1-173'>\n\t\t\t\tDiele\n\t\t\t\t<\/dd><\/dl><br style=\"clear: both\" \/><dl class='gallery-item'>\n\t\t\t<dt class='gallery-icon landscape'>\n\t\t\t\t<a href='https:\/\/www.ender-online.com\/Fewo\/wp-content\/uploads\/2012\/05\/CIMG6101.jpg'><img loading=\"lazy\" decoding=\"async\" width=\"150\" height=\"150\" src=\"https:\/\/www.ender-online.com\/Fewo\/wp-content\/uploads\/2012\/05\/CIMG6101-150x150.jpg\" class=\"attachment-thumbnail size-thumbnail\" alt=\"\" aria-describedby=\"gallery-1-341\" \/><\/a>\n\t\t\t<\/dt>\n\t\t\t\t<dd class='wp-caption-text gallery-caption' id='gallery-1-341'>\n\t\t\t\tWohnzimmer\n\t\t\t\t<\/dd><\/dl><dl class='gallery-item'>\n\t\t\t<dt class='gallery-icon landscape'>\n\t\t\t\t<a href='https:\/\/www.ender-online.com\/Fewo\/wp-content\/uploads\/2012\/05\/CIMG6107.jpg'><img loading=\"lazy\" decoding=\"async\" width=\"150\" height=\"150\" src=\"https:\/\/www.ender-online.com\/Fewo\/wp-content\/uploads\/2012\/05\/CIMG6107-150x150.jpg\" class=\"attachment-thumbnail size-thumbnail\" alt=\"\" aria-describedby=\"gallery-1-343\" \/><\/a>\n\t\t\t<\/dt>\n\t\t\t\t<dd class='wp-caption-text gallery-caption' id='gallery-1-343'>\n\t\t\t\tWohnzimmer\n\t\t\t\t<\/dd><\/dl><dl class='gallery-item'>\n\t\t\t<dt class='gallery-icon landscape'>\n\t\t\t\t<a href='https:\/\/www.ender-online.com\/Fewo\/wp-content\/uploads\/2012\/04\/Kueche_Neuenahr.jpg'><img loading=\"lazy\" decoding=\"async\" width=\"150\" height=\"150\" src=\"https:\/\/www.ender-online.com\/Fewo\/wp-content\/uploads\/2012\/04\/Kueche_Neuenahr-150x150.jpg\" class=\"attachment-thumbnail size-thumbnail\" alt=\"\" aria-describedby=\"gallery-1-175\" \/><\/a>\n\t\t\t<\/dt>\n\t\t\t\t<dd class='wp-caption-text gallery-caption' id='gallery-1-175'>\n\t\t\t\tK\u00fcche\n\t\t\t\t<\/dd><\/dl><br style=\"clear: both\" \/><dl class='gallery-item'>\n\t\t\t<dt class='gallery-icon landscape'>\n\t\t\t\t<a href='https:\/\/www.ender-online.com\/Fewo\/wp-content\/uploads\/2012\/04\/Bad_Neuenahr.jpg'><img loading=\"lazy\" decoding=\"async\" width=\"150\" height=\"150\" src=\"https:\/\/www.ender-online.com\/Fewo\/wp-content\/uploads\/2012\/04\/Bad_Neuenahr-150x150.jpg\" class=\"attachment-thumbnail size-thumbnail\" alt=\"\" aria-describedby=\"gallery-1-176\" \/><\/a>\n\t\t\t<\/dt>\n\t\t\t\t<dd class='wp-caption-text gallery-caption' id='gallery-1-176'>\n\t\t\t\tBad\n\t\t\t\t<\/dd><\/dl><dl class='gallery-item'>\n\t\t\t<dt class='gallery-icon landscape'>\n\t\t\t\t<a href='https:\/\/www.ender-online.com\/Fewo\/wp-content\/uploads\/2012\/04\/Schlafzimmer_Neuenahr.jpg'><img loading=\"lazy\" decoding=\"async\" width=\"150\" height=\"150\" src=\"https:\/\/www.ender-online.com\/Fewo\/wp-content\/uploads\/2012\/04\/Schlafzimmer_Neuenahr-150x150.jpg\" class=\"attachment-thumbnail size-thumbnail\" alt=\"\" aria-describedby=\"gallery-1-174\" \/><\/a>\n\t\t\t<\/dt>\n\t\t\t\t<dd class='wp-caption-text gallery-caption' id='gallery-1-174'>\n\t\t\t\tSchlafzimmer\n\t\t\t\t<\/dd><\/dl><dl class='gallery-item'>\n\t\t\t<dt class='gallery-icon landscape'>\n\t\t\t\t<a href='https:\/\/www.ender-online.com\/Fewo\/wp-content\/uploads\/2012\/05\/CIMG6104.jpg'><img loading=\"lazy\" decoding=\"async\" width=\"150\" height=\"150\" src=\"https:\/\/www.ender-online.com\/Fewo\/wp-content\/uploads\/2012\/05\/CIMG6104-150x150.jpg\" class=\"attachment-thumbnail size-thumbnail\" alt=\"\" aria-describedby=\"gallery-1-342\" \/><\/a>\n\t\t\t<\/dt>\n\t\t\t\t<dd class='wp-caption-text gallery-caption' id='gallery-1-342'>\n\t\t\t\tSchlafzimmer\n\t\t\t\t<\/dd><\/dl><br style=\"clear: both\" \/><dl class='gallery-item'>\n\t\t\t<dt class='gallery-icon landscape'>\n\t\t\t\t<a href='https:\/\/www.ender-online.com\/Fewo\/wp-content\/uploads\/2012\/04\/Terrasse_Neuenahr.jpg'><img loading=\"lazy\" decoding=\"async\" width=\"150\" height=\"150\" src=\"https:\/\/www.ender-online.com\/Fewo\/wp-content\/uploads\/2012\/04\/Terrasse_Neuenahr-150x150.jpg\" class=\"attachment-thumbnail size-thumbnail\" alt=\"\" aria-describedby=\"gallery-1-171\" \/><\/a>\n\t\t\t<\/dt>\n\t\t\t\t<dd class='wp-caption-text gallery-caption' id='gallery-1-171'>\n\t\t\t\tTerrasse\n\t\t\t\t<\/dd><\/dl>\n\t\t\t<br style='clear: both' \/>\n\t\t<\/div>\n\n<p>Stellen Sie hier Ihre <a title=\"Kontakt\" href=\"https:\/\/www.ender-online.com\/Fewo\/kontakt\/\">Buchungsanfrage!<\/a><\/p>\n","protected":false},"excerpt":{"rendered":"<p>Unsere mit Liebe zum Detail ausgestattete Ferienwohnung liegt direkt an den Ausl&auml;ufern des Neuenahrer Berges und ist somit der ideale Ausgangspunkt f&uuml;r Ihre Unternehmungen in und um Bad Neuenahr.<\/p>\n","protected":false},"author":1,"featured_media":0,"parent":0,"menu_order":0,"comment_status":"closed","ping_status":"closed","template":"","meta":{"_et_pb_use_builder":"off","_et_pb_old_content":"Unsere mit Liebe zum Detail ausgestattete Ferienwohnung liegt direkt an den Ausl\u00e4ufern des Neuenahrer Berges und ist somit der ideale Ausgangspunkt f\u00fcr Ihre Unternehmungen in und um Bad Neuenahr.<!--more-->\n\nDie <strong>Ferienwohnung<\/strong> in Hanglage bietet f\u00fcr bis zu 2 Personen optimale Unterbringung.\n\nSie besticht durch ihre zentrale und zugleich ruhige Lage, inmitten eines liebevoll angelegten und gepflegten Gartens. Aufgrund der Hanglage ist die Wohnung nur \u00fcber einen Treppenaufgang zu erreichen und daher nicht f\u00fcr Rollstuhlfahrer geeignet.\n\n<strong>Die vollausgestattete Wohnung beinhaltet f\u00fcr Sie:<\/strong>\n\n- separaten Eingang\n- Wohnzimmer (mit gro\u00dfem Flachbild-Fernseher)\n- Schlafzimmer (mit Flachbild-Fernseher)\n- Badezimmer (ausgestattet mit Dusche, Wanne, Bidet und WC)\n- K\u00fcche\n- Wohndiele\n- Au\u00dfenterrasse mit Grillm\u00f6glichkeit\n\nDie Wohnung ist eine reine <strong>Nichtraucherwohnung<\/strong>. Eine \u00fcberdachte M\u00f6glichkeit zum Rauchen steht im Freien zur Verf\u00fcgung.\n<h4><strong>Preis pro \u00dcbernachtung (f\u00fcr bis zu 2 Personen): 70.- Euro<\/strong><\/h4>\nReservierungen nehmen wir ganzj\u00e4hrig <strong>ab 3 Tage\u00a0<\/strong> (3 \u00dcbernachtungen) gerne entgegen. Die Endreinigung berechnen wir mit 30.- Euro.\n\n<strong>Im Preis inklusive:<\/strong>\nKabelfernsehen, Bettw\u00e4sche, Handt\u00fccher, K\u00fcchengeschirr, Strom, Heizung, Wasser\n\nInternetzugang via WLAN nach R\u00fccksprache vor Ort m\u00f6glich und im Preis inbegriffen.\n\nHunde sind nach R\u00fccksprache erlaubt!\n\nEinen Telefonanschlu\u00df stellen wir mangels Nachfrage und Nutzung durch unsere G\u00e4ste im Zeitalter der Mobiltelefone nicht mehr zur Verf\u00fcgung.\n<p style=\"text-align: center;\"><span style=\"color: #000000;\">Klicken Sie auf die Bilder um eine vergr\u00f6\u00dferte Darstellung zu erhalten!<\/span><\/p>\n[gallery link=\"file\"]\n\nStellen Sie hier Ihre <a title=\"Kontakt\" href=\"https:\/\/www.ender-online.com\/Fewo\/kontakt\/\">Buchungsanfrage!<\/a>","_et_gb_content_width":"","footnotes":""},"class_list":["post-12","page","type-page","status-publish","hentry"],"aioseo_notices":[],"_links":{"self":[{"href":"https:\/\/www.ender-online.com\/Fewo\/wp-json\/wp\/v2\/pages\/12","targetHints":{"allow":["GET"]}}],"collection":[{"href":"https:\/\/www.ender-online.com\/Fewo\/wp-json\/wp\/v2\/pages"}],"about":[{"href":"https:\/\/www.ender-online.com\/Fewo\/wp-json\/wp\/v2\/types\/page"}],"author":[{"embeddable":true,"href":"https:\/\/www.ender-online.com\/Fewo\/wp-json\/wp\/v2\/users\/1"}],"replies":[{"embeddable":true,"href":"https:\/\/www.ender-online.com\/Fewo\/wp-json\/wp\/v2\/comments?post=12"}],"version-history":[{"count":90,"href":"https:\/\/www.ender-online.com\/Fewo\/wp-json\/wp\/v2\/pages\/12\/revisions"}],"predecessor-version":[{"id":1067,"href":"https:\/\/www.ender-online.com\/Fewo\/wp-json\/wp\/v2\/pages\/12\/revisions\/1067"}],"wp:attachment":[{"href":"https:\/\/www.ender-online.com\/Fewo\/wp-json\/wp\/v2\/media?parent=12"}],"curies":[{"name":"wp","href":"https:\/\/api.w.org\/{rel}","templated":true}]}}