{"id":101,"date":"2012-05-02T13:02:23","date_gmt":"2012-05-02T13:02:23","guid":{"rendered":"http:\/\/www.ender-online.com\/Fewo\/?page_id=101"},"modified":"2013-06-15T23:55:02","modified_gmt":"2013-06-15T21:55:02","slug":"informationendownloads","status":"publish","type":"page","link":"https:\/\/www.ender-online.com\/Fewo\/informationendownloads\/","title":{"rendered":"Informationen"},"content":{"rendered":"<p style=\"text-align: left;\"><strong>Unter dieser Rubrik m\u00f6chten wir Ihnen Wissenswertes und Interessantes aus dem Ahrtal n\u00e4her bringen. Zudem finden Sie demn\u00e4chst aktuelle Downloads zu unseren Ferienwohnungen und weiteren zur freien Verf\u00fcgung gestellten Brosch\u00fcren und Unterlagen.<\/strong><\/p>\n<p style=\"text-align: left;\"><strong>Bitte g\u00f6nnen Sie uns noch ein wenig Zeit, die Informationen sukzessive bereit zu stellen!<br \/>\n<\/strong><\/p>\n","protected":false},"excerpt":{"rendered":"<p>Unter dieser Rubrik m&ouml;chten wir Ihnen Wissenswertes und Interessantes aus dem Ahrtal n&auml;her bringen. Zudem finden Sie demn&auml;chst aktuelle Downloads zu unseren Ferienwohnungen und weiteren zur freien Verf&uuml;gung gestellten Brosch&uuml;ren und Unterlagen. Bitte g&ouml;nnen Sie uns noch ein wenig Zeit, die Informationen sukzessive bereit zu stellen!<\/p>\n","protected":false},"author":1,"featured_media":0,"parent":0,"menu_order":4,"comment_status":"closed","ping_status":"closed","template":"","meta":{"_et_pb_use_builder":"","_et_pb_old_content":"","_et_gb_content_width":"","footnotes":""},"class_list":["post-101","page","type-page","status-publish","hentry"],"aioseo_notices":[],"_links":{"self":[{"href":"https:\/\/www.ender-online.com\/Fewo\/wp-json\/wp\/v2\/pages\/101","targetHints":{"allow":["GET"]}}],"collection":[{"href":"https:\/\/www.ender-online.com\/Fewo\/wp-json\/wp\/v2\/pages"}],"about":[{"href":"https:\/\/www.ender-online.com\/Fewo\/wp-json\/wp\/v2\/types\/page"}],"author":[{"embeddable":true,"href":"https:\/\/www.ender-online.com\/Fewo\/wp-json\/wp\/v2\/users\/1"}],"replies":[{"embeddable":true,"href":"https:\/\/www.ender-online.com\/Fewo\/wp-json\/wp\/v2\/comments?post=101"}],"version-history":[{"count":18,"href":"https:\/\/www.ender-online.com\/Fewo\/wp-json\/wp\/v2\/pages\/101\/revisions"}],"predecessor-version":[{"id":105,"href":"https:\/\/www.ender-online.com\/Fewo\/wp-json\/wp\/v2\/pages\/101\/revisions\/105"}],"wp:attachment":[{"href":"https:\/\/www.ender-online.com\/Fewo\/wp-json\/wp\/v2\/media?parent=101"}],"curies":[{"name":"wp","href":"https:\/\/api.w.org\/{rel}","templated":true}]}}