{"id":1003,"date":"2020-03-15T16:34:27","date_gmt":"2020-03-15T15:34:27","guid":{"rendered":"https:\/\/www.ender-online.com\/Fewo\/?page_id=1003"},"modified":"2020-03-15T17:11:22","modified_gmt":"2020-03-15T16:11:22","slug":"agb-allgemeine-geschaeftsbedingungen","status":"publish","type":"page","link":"https:\/\/www.ender-online.com\/Fewo\/kontakt\/agb-allgemeine-geschaeftsbedingungen\/","title":{"rendered":"AGB"},"content":{"rendered":"\n<p><strong>Allgemeine Gesch\u00e4ftsbedingungen<br \/><br \/><\/strong>Im Falle einer vorzeitigen Stornierung stellen wir Ihnen<\/p>\n<p>bis 45 Tage vor Anreisetermin \u00a0 \u00a0 \u00a0 \u00a0 \u00a0 \u00a0 \u00a0 \u00a0 \u00a0 \u00a0 \u00a0 \u00a0 \u00a0 \u00a0 \u00a010 %<br \/>bis 30 Tage vor Anreisetermin \u00a0 \u00a0 \u00a0 \u00a0 \u00a0 \u00a0 \u00a0 \u00a0 \u00a0 \u00a0 \u00a0 \u00a0 \u00a0 \u00a0 \u00a025 %<br \/>bis 21 Tage vor Anreisetermin. \u00a0 \u00a0 \u00a0 \u00a0 \u00a0 \u00a0 \u00a0 \u00a0 \u00a0 \u00a0 \u00a0 \u00a0 \u00a0 \u00a0 50 %<br \/>bis 14 Tage vor Anreisetermin \u00a0 \u00a0 \u00a0 \u00a0 \u00a0 \u00a0 \u00a0 \u00a0 \u00a0 \u00a0 \u00a0 \u00a0 \u00a0 \u00a0 \u00a075 %<br \/>bis \u00a0 7 Tage vor Anreisetermin \u00a0 \u00a0 \u00a0 \u00a0 \u00a0 \u00a0 \u00a0 \u00a0 \u00a0 \u00a0 \u00a0 \u00a0 \u00a0 \u00a0 \u00a080 %<br \/>weniger als 3 Tage vor Anreisetermin \u00a0 \u00a0 \u00a0 \u00a0 \u00a0 \u00a0 \u00a0 \u00a0100 %<\/p>\n<p>des Mietbetrages in Rechnung.<\/p>\n<p>Ist es uns m\u00f6glich, die von Ihnen nicht in Anspruch genommene Ferienwohnung anderweitig zu vermieten, so entf\u00e4llt Ihre Verpflichtung zur Bezahlung in H\u00f6he der anderweitig erzielten Einnahmen f\u00fcr diesen Zeitraum.<\/p>\n<p>Zur Vermeidung anstehender Unannehmlichkeiten, empfehlen wir Ihnen den Abschluss einer Reiser\u00fccktritts- und Reiseabbruchsversicherung.<br \/>Bitte bedenken Sie, da\u00df Sie diese rechtzeitig &#8211; meist innerhalb von 14 Tagen &#8211; nach Buchung abzuschliessen haben.<\/p>\n","protected":false},"excerpt":{"rendered":"<p>Allgemeine Gesch&auml;ftsbedingungen Im Falle einer vorzeitigen Stornierung stellen wir Ihnen bis 45 Tage vor Anreisetermin &nbsp; &nbsp; &nbsp; &nbsp; &nbsp; &nbsp; &nbsp; &nbsp; &nbsp; &nbsp; &nbsp; &nbsp; &nbsp; &nbsp; &nbsp;10 %bis 30 Tage vor Anreisetermin &nbsp; &nbsp; &nbsp; &nbsp; &nbsp; &nbsp; &nbsp; &nbsp; &nbsp; &nbsp; &nbsp; &nbsp; &nbsp; &nbsp; &nbsp;25 %bis 21 Tage vor Anreisetermin. [&hellip;]<\/p>\n","protected":false},"author":2,"featured_media":0,"parent":73,"menu_order":0,"comment_status":"closed","ping_status":"closed","template":"","meta":{"_et_pb_use_builder":"","_et_pb_old_content":"","_et_gb_content_width":"","footnotes":""},"class_list":["post-1003","page","type-page","status-publish","hentry"],"aioseo_notices":[],"_links":{"self":[{"href":"https:\/\/www.ender-online.com\/Fewo\/wp-json\/wp\/v2\/pages\/1003","targetHints":{"allow":["GET"]}}],"collection":[{"href":"https:\/\/www.ender-online.com\/Fewo\/wp-json\/wp\/v2\/pages"}],"about":[{"href":"https:\/\/www.ender-online.com\/Fewo\/wp-json\/wp\/v2\/types\/page"}],"author":[{"embeddable":true,"href":"https:\/\/www.ender-online.com\/Fewo\/wp-json\/wp\/v2\/users\/2"}],"replies":[{"embeddable":true,"href":"https:\/\/www.ender-online.com\/Fewo\/wp-json\/wp\/v2\/comments?post=1003"}],"version-history":[{"count":7,"href":"https:\/\/www.ender-online.com\/Fewo\/wp-json\/wp\/v2\/pages\/1003\/revisions"}],"predecessor-version":[{"id":1016,"href":"https:\/\/www.ender-online.com\/Fewo\/wp-json\/wp\/v2\/pages\/1003\/revisions\/1016"}],"up":[{"embeddable":true,"href":"https:\/\/www.ender-online.com\/Fewo\/wp-json\/wp\/v2\/pages\/73"}],"wp:attachment":[{"href":"https:\/\/www.ender-online.com\/Fewo\/wp-json\/wp\/v2\/media?parent=1003"}],"curies":[{"name":"wp","href":"https:\/\/api.w.org\/{rel}","templated":true}]}}